{"id":4616,"date":"2023-08-18T00:55:17","date_gmt":"2023-08-18T06:55:17","guid":{"rendered":"https:\/\/jaguar10.net\/?post_type=product&#038;p=4616"},"modified":"2023-08-18T00:55:17","modified_gmt":"2023-08-18T06:55:17","slug":"balon-mundial-2022-al-hilm-pro","status":"publish","type":"product","link":"https:\/\/jaguar10.com\/index.php\/producto\/balon-mundial-2022-al-hilm-pro\/","title":{"rendered":"Bal\u00f3n Mundial 2022 AL-Hilm PRO"},"content":{"rendered":"<div class=\"is-accordion__item-wrapper is-accordion__item-html\">\n<h2>La Liga so\u00f1ada<\/h2>\n<p>En homenaje al pa\u00eds anfitri\u00f3n de la copa del mundo 2022 de la FIFA, llega el <b>Bal\u00f3n de F\u00fatbol adidas Al Hilm PRO<\/b>. Estupendo para jugar f\u00fatbol soccer con tu familia y\/o amigos. Tiene el logotipo estampado de la marca de adidas alrededor del bal\u00f3n.<\/p>\n<h2>Construcci\u00f3n del Bal\u00f3n de F\u00fatbol Al Hilm League<\/h2>\n<p>Esta pelota de soccer, hecha por adidas, tiene una construcci\u00f3n de materiales sint\u00e9ticos que le brindan una mayor durabilidad y resistencia. Esto lo hacen perfecto para que puedas patear el bal\u00f3n cuantas veces quieras y sin que se rompa.<\/p>\n<h2>Tecnolog\u00edas<\/h2>\n<p>Tiene zonas de amortiguaci\u00f3n estrat\u00e9gicas. Que ayudar\u00e1n a que puedes patearlo sencillamente.<\/p>\n<ul>\n<li>Estilo <strong>HG4777<\/strong><\/li>\n<li>Color <strong>Multicolor<\/strong><\/li>\n<li>Recomendado para futbol<\/li>\n<li>Los colores originales del producto pueden variar al de la imagen por cuestiones de resoluci\u00f3n, brillo y\/o luces.<\/li>\n<li>Construcci\u00f3n superior de material sint\u00e9tico que brinda comodidad.<\/li>\n<li>Material resistente.<\/li>\n<li>Corte cl\u00e1sico.<\/li>\n<li>Logotipo al frente.<\/li>\n<li>Dise\u00f1o estampado.<\/li>\n<li>Zonas de amortiguaci\u00f3n estrat\u00e9gicas.<\/li>\n<\/ul>\n<\/div>\n","protected":false},"excerpt":{"rendered":"<p><b>Bal\u00f3n de F\u00fatbol adidas Al Hilm League<\/b>.<\/p>\n<p>Tama\u00f1o: #5<\/p>\n","protected":false},"featured_media":4617,"template":"","meta":{"_uag_custom_page_level_css":"","site-sidebar-layout":"default","site-content-layout":"","ast-site-content-layout":"default","site-content-style":"default","site-sidebar-style":"default","ast-global-header-display":"","ast-banner-title-visibility":"","ast-main-header-display":"","ast-hfb-above-header-display":"","ast-hfb-below-header-display":"","ast-hfb-mobile-header-display":"","site-post-title":"","ast-breadcrumbs-content":"","ast-featured-img":"","footer-sml-layout":"","theme-transparent-header-meta":"default","adv-header-id-meta":"","stick-header-meta":"","header-above-stick-meta":"","header-main-stick-meta":"","header-below-stick-meta":"","astra-migrate-meta-layouts":"set","ast-page-background-enabled":"default","ast-page-background-meta":{"desktop":{"background-color":"","background-image":"","background-repeat":"repeat","background-position":"center center","background-size":"auto","background-attachment":"scroll","background-type":"","background-media":"","overlay-type":"","overlay-color":"","overlay-opacity":"","overlay-gradient":""},"tablet":{"background-color":"","background-image":"","background-repeat":"repeat","background-position":"center center","background-size":"auto","background-attachment":"scroll","background-type":"","background-media":"","overlay-type":"","overlay-color":"","overlay-opacity":"","overlay-gradient":""},"mobile":{"background-color":"","background-image":"","background-repeat":"repeat","background-position":"center center","background-size":"auto","background-attachment":"scroll","background-type":"","background-media":"","overlay-type":"","overlay-color":"","overlay-opacity":"","overlay-gradient":""}},"ast-content-background-meta":{"desktop":{"background-color":"var(--ast-global-color-5)","background-image":"","background-repeat":"repeat","background-position":"center center","background-size":"auto","background-attachment":"scroll","background-type":"","background-media":"","overlay-type":"","overlay-color":"","overlay-opacity":"","overlay-gradient":""},"tablet":{"background-color":"var(--ast-global-color-5)","background-image":"","background-repeat":"repeat","background-position":"center center","background-size":"auto","background-attachment":"scroll","background-type":"","background-media":"","overlay-type":"","overlay-color":"","overlay-opacity":"","overlay-gradient":""},"mobile":{"background-color":"var(--ast-global-color-5)","background-image":"","background-repeat":"repeat","background-position":"center center","background-size":"auto","background-attachment":"scroll","background-type":"","background-media":"","overlay-type":"","overlay-color":"","overlay-opacity":"","overlay-gradient":""}},"_joinchat":[]},"product_brand":[],"product_cat":[101,98],"product_tag":[],"class_list":{"0":"post-4616","1":"product","2":"type-product","3":"status-publish","4":"has-post-thumbnail","6":"product_cat-deportes","7":"product_cat-futbol","8":"desktop-align-left","9":"tablet-align-left","10":"mobile-align-left","12":"first","13":"instock","14":"sale","15":"shipping-taxable","16":"purchasable","17":"product-type-simple"},"uagb_featured_image_src":{"full":["https:\/\/jaguar10.com\/wp-content\/uploads\/2023\/08\/Al-hil1.jpg",1020,720,false],"thumbnail":["https:\/\/jaguar10.com\/wp-content\/uploads\/2023\/08\/Al-hil1-150x150.jpg",150,150,true],"medium":["https:\/\/jaguar10.com\/wp-content\/uploads\/2023\/08\/Al-hil1-300x212.jpg",300,212,true],"medium_large":["https:\/\/jaguar10.com\/wp-content\/uploads\/2023\/08\/Al-hil1-768x542.jpg",768,542,true],"large":["https:\/\/jaguar10.com\/wp-content\/uploads\/2023\/08\/Al-hil1.jpg",1020,720,false],"1536x1536":["https:\/\/jaguar10.com\/wp-content\/uploads\/2023\/08\/Al-hil1.jpg",1020,720,false],"2048x2048":["https:\/\/jaguar10.com\/wp-content\/uploads\/2023\/08\/Al-hil1.jpg",1020,720,false],"woocommerce_thumbnail":["https:\/\/jaguar10.com\/wp-content\/uploads\/2023\/08\/Al-hil1-300x300.jpg",300,300,true],"woocommerce_single":["https:\/\/jaguar10.com\/wp-content\/uploads\/2023\/08\/Al-hil1-600x424.jpg",600,424,true],"woocommerce_gallery_thumbnail":["https:\/\/jaguar10.com\/wp-content\/uploads\/2023\/08\/Al-hil1-100x100.jpg",100,100,true]},"uagb_author_info":{"display_name":"ilderja110599","author_link":"https:\/\/jaguar10.com\/index.php\/author\/"},"uagb_comment_info":0,"uagb_excerpt":"Bal\u00f3n de F\u00fatbol adidas Al Hilm League. Tama\u00f1o: #5","jetpack_sharing_enabled":true,"_links":{"self":[{"href":"https:\/\/jaguar10.com\/index.php\/wp-json\/wp\/v2\/product\/4616","targetHints":{"allow":["GET"]}}],"collection":[{"href":"https:\/\/jaguar10.com\/index.php\/wp-json\/wp\/v2\/product"}],"about":[{"href":"https:\/\/jaguar10.com\/index.php\/wp-json\/wp\/v2\/types\/product"}],"version-history":[{"count":2,"href":"https:\/\/jaguar10.com\/index.php\/wp-json\/wp\/v2\/product\/4616\/revisions"}],"predecessor-version":[{"id":4620,"href":"https:\/\/jaguar10.com\/index.php\/wp-json\/wp\/v2\/product\/4616\/revisions\/4620"}],"wp:featuredmedia":[{"embeddable":true,"href":"https:\/\/jaguar10.com\/index.php\/wp-json\/wp\/v2\/media\/4617"}],"wp:attachment":[{"href":"https:\/\/jaguar10.com\/index.php\/wp-json\/wp\/v2\/media?parent=4616"}],"wp:term":[{"taxonomy":"product_brand","embeddable":true,"href":"https:\/\/jaguar10.com\/index.php\/wp-json\/wp\/v2\/product_brand?post=4616"},{"taxonomy":"product_cat","embeddable":true,"href":"https:\/\/jaguar10.com\/index.php\/wp-json\/wp\/v2\/product_cat?post=4616"},{"taxonomy":"product_tag","embeddable":true,"href":"https:\/\/jaguar10.com\/index.php\/wp-json\/wp\/v2\/product_tag?post=4616"}],"curies":[{"name":"wp","href":"https:\/\/api.w.org\/{rel}","templated":true}]}}