{"id":4796,"date":"2023-08-20T20:41:11","date_gmt":"2023-08-21T02:41:11","guid":{"rendered":"https:\/\/jaguar10.net\/?post_type=product&#038;p=4796"},"modified":"2023-08-20T20:41:11","modified_gmt":"2023-08-21T02:41:11","slug":"balon-nike-jordan-legacy","status":"publish","type":"product","link":"https:\/\/jaguar10.com\/index.php\/producto\/balon-nike-jordan-legacy\/","title":{"rendered":"Bal\u00f3n Nike Jordan Legacy"},"content":{"rendered":"<h2>Domina cualquier cancha<\/h2>\n<div>Demuestra tu talento en la duela o en el concreto con este bal\u00f3n <b>Jordan Legacy<\/b>, dise\u00f1ado especialmente para darte el mejor rebote mientras haces unas canastas espectaculares. \u00a1Qu\u00e9 gran estilo!<\/div>\n<div><\/div>\n<h2>Anatom\u00eda del bal\u00f3n Jordan Legacy<\/h2>\n<div>Esta pelota para basket color naranja, dise\u00f1ada por adidas, cuenta con una construcci\u00f3n pensada para aportar mucho estilo y comodidad para tus entrenamientos, partido o retas. Hecha con materiales premium para un desempe\u00f1o \u00f3ptimo en la duela y en asfalto.<\/div>\n<div><\/div>\n<h2>Caracter\u00edsticas de la pelota<\/h2>\n<div>Este bal\u00f3n para basquet est\u00e1 hecho con 100% caucho ultra resistente y duradero. Tama\u00f1o 7<\/div>\n","protected":false},"excerpt":{"rendered":"<p>Bal\u00f3n Nike Jordan Legacy<\/p>\n<p>Tama\u00f1o: 7<\/p>\n<p>&nbsp;<\/p>\n","protected":false},"featured_media":4768,"template":"","meta":{"_uag_custom_page_level_css":"","site-sidebar-layout":"default","site-content-layout":"","ast-site-content-layout":"default","site-content-style":"default","site-sidebar-style":"default","ast-global-header-display":"","ast-banner-title-visibility":"","ast-main-header-display":"","ast-hfb-above-header-display":"","ast-hfb-below-header-display":"","ast-hfb-mobile-header-display":"","site-post-title":"","ast-breadcrumbs-content":"","ast-featured-img":"","footer-sml-layout":"","theme-transparent-header-meta":"default","adv-header-id-meta":"","stick-header-meta":"","header-above-stick-meta":"","header-main-stick-meta":"","header-below-stick-meta":"","astra-migrate-meta-layouts":"set","ast-page-background-enabled":"default","ast-page-background-meta":{"desktop":{"background-color":"","background-image":"","background-repeat":"repeat","background-position":"center center","background-size":"auto","background-attachment":"scroll","background-type":"","background-media":"","overlay-type":"","overlay-color":"","overlay-opacity":"","overlay-gradient":""},"tablet":{"background-color":"","background-image":"","background-repeat":"repeat","background-position":"center center","background-size":"auto","background-attachment":"scroll","background-type":"","background-media":"","overlay-type":"","overlay-color":"","overlay-opacity":"","overlay-gradient":""},"mobile":{"background-color":"","background-image":"","background-repeat":"repeat","background-position":"center center","background-size":"auto","background-attachment":"scroll","background-type":"","background-media":"","overlay-type":"","overlay-color":"","overlay-opacity":"","overlay-gradient":""}},"ast-content-background-meta":{"desktop":{"background-color":"var(--ast-global-color-5)","background-image":"","background-repeat":"repeat","background-position":"center center","background-size":"auto","background-attachment":"scroll","background-type":"","background-media":"","overlay-type":"","overlay-color":"","overlay-opacity":"","overlay-gradient":""},"tablet":{"background-color":"var(--ast-global-color-5)","background-image":"","background-repeat":"repeat","background-position":"center center","background-size":"auto","background-attachment":"scroll","background-type":"","background-media":"","overlay-type":"","overlay-color":"","overlay-opacity":"","overlay-gradient":""},"mobile":{"background-color":"var(--ast-global-color-5)","background-image":"","background-repeat":"repeat","background-position":"center center","background-size":"auto","background-attachment":"scroll","background-type":"","background-media":"","overlay-type":"","overlay-color":"","overlay-opacity":"","overlay-gradient":""}},"_joinchat":[]},"product_brand":[],"product_cat":[108,147,99,101,102,103,106],"product_tag":[],"class_list":{"0":"post-4796","1":"product","2":"type-product","3":"status-publish","4":"has-post-thumbnail","6":"product_cat-balones","7":"product_cat-balon-basquet","8":"product_cat-basquetbol","9":"product_cat-deportes","10":"product_cat-ofertas","11":"product_cat-promociones","12":"product_cat-sale","13":"desktop-align-left","14":"tablet-align-left","15":"mobile-align-left","17":"first","18":"instock","19":"sale","20":"shipping-taxable","21":"purchasable","22":"product-type-simple"},"uagb_featured_image_src":{"full":["https:\/\/jaguar10.com\/wp-content\/uploads\/2023\/08\/legacy.png",1020,720,false],"thumbnail":["https:\/\/jaguar10.com\/wp-content\/uploads\/2023\/08\/legacy-150x150.png",150,150,true],"medium":["https:\/\/jaguar10.com\/wp-content\/uploads\/2023\/08\/legacy-300x212.png",300,212,true],"medium_large":["https:\/\/jaguar10.com\/wp-content\/uploads\/2023\/08\/legacy-768x542.png",768,542,true],"large":["https:\/\/jaguar10.com\/wp-content\/uploads\/2023\/08\/legacy.png",1020,720,false],"1536x1536":["https:\/\/jaguar10.com\/wp-content\/uploads\/2023\/08\/legacy.png",1020,720,false],"2048x2048":["https:\/\/jaguar10.com\/wp-content\/uploads\/2023\/08\/legacy.png",1020,720,false],"woocommerce_thumbnail":["https:\/\/jaguar10.com\/wp-content\/uploads\/2023\/08\/legacy-300x300.png",300,300,true],"woocommerce_single":["https:\/\/jaguar10.com\/wp-content\/uploads\/2023\/08\/legacy-600x424.png",600,424,true],"woocommerce_gallery_thumbnail":["https:\/\/jaguar10.com\/wp-content\/uploads\/2023\/08\/legacy-100x100.png",100,100,true]},"uagb_author_info":{"display_name":"ilderja110599","author_link":"https:\/\/jaguar10.com\/index.php\/author\/"},"uagb_comment_info":0,"uagb_excerpt":"Bal\u00f3n Nike Jordan Legacy Tama\u00f1o: 7 &nbsp;","jetpack_sharing_enabled":true,"_links":{"self":[{"href":"https:\/\/jaguar10.com\/index.php\/wp-json\/wp\/v2\/product\/4796","targetHints":{"allow":["GET"]}}],"collection":[{"href":"https:\/\/jaguar10.com\/index.php\/wp-json\/wp\/v2\/product"}],"about":[{"href":"https:\/\/jaguar10.com\/index.php\/wp-json\/wp\/v2\/types\/product"}],"version-history":[{"count":2,"href":"https:\/\/jaguar10.com\/index.php\/wp-json\/wp\/v2\/product\/4796\/revisions"}],"predecessor-version":[{"id":4798,"href":"https:\/\/jaguar10.com\/index.php\/wp-json\/wp\/v2\/product\/4796\/revisions\/4798"}],"wp:featuredmedia":[{"embeddable":true,"href":"https:\/\/jaguar10.com\/index.php\/wp-json\/wp\/v2\/media\/4768"}],"wp:attachment":[{"href":"https:\/\/jaguar10.com\/index.php\/wp-json\/wp\/v2\/media?parent=4796"}],"wp:term":[{"taxonomy":"product_brand","embeddable":true,"href":"https:\/\/jaguar10.com\/index.php\/wp-json\/wp\/v2\/product_brand?post=4796"},{"taxonomy":"product_cat","embeddable":true,"href":"https:\/\/jaguar10.com\/index.php\/wp-json\/wp\/v2\/product_cat?post=4796"},{"taxonomy":"product_tag","embeddable":true,"href":"https:\/\/jaguar10.com\/index.php\/wp-json\/wp\/v2\/product_tag?post=4796"}],"curies":[{"name":"wp","href":"https:\/\/api.w.org\/{rel}","templated":true}]}}