{"id":4943,"date":"2023-09-02T22:36:39","date_gmt":"2023-09-03T04:36:39","guid":{"rendered":"https:\/\/jaguar10.net\/?post_type=product&#038;p=4943"},"modified":"2025-12-06T17:08:40","modified_gmt":"2025-12-06T23:08:40","slug":"balon-de-voleibol-molten-v5m4500-tricolor-5","status":"publish","type":"product","link":"https:\/\/jaguar10.com\/index.php\/producto\/balon-de-voleibol-molten-v5m4500-tricolor-5\/","title":{"rendered":"BAL\u00d3N DE V\u00d3LEIBOL MOLTEN V5M4500 TRICOLOR #5"},"content":{"rendered":"<p>El bal\u00f3n de voleibol V5M4500 de Molten, gracias a la gran durabilidad de su cubierta de piel sint\u00e9tica, su suavidad al tacto, cumpliendo todos los requisitos de la <a href=\"https:\/\/www.fivb.com\/\">FIVB<\/a>, es el bal\u00f3n perfecto para entrenamientos de alto rendimiento de equipos que compiten a nivel local y nacional.<\/p>\n","protected":false},"excerpt":{"rendered":"<p>BAL\u00d3N DE V\u00d3LEIBOL MOLTEN V5M4500 TRICOLOR #5<\/p>\n<p>Tama\u00f1o: #5<\/p>\n","protected":false},"featured_media":4938,"template":"","meta":{"_uag_custom_page_level_css":"","site-sidebar-layout":"default","site-content-layout":"","ast-site-content-layout":"default","site-content-style":"default","site-sidebar-style":"default","ast-global-header-display":"","ast-banner-title-visibility":"","ast-main-header-display":"","ast-hfb-above-header-display":"","ast-hfb-below-header-display":"","ast-hfb-mobile-header-display":"","site-post-title":"","ast-breadcrumbs-content":"","ast-featured-img":"","footer-sml-layout":"","theme-transparent-header-meta":"default","adv-header-id-meta":"","stick-header-meta":"","header-above-stick-meta":"","header-main-stick-meta":"","header-below-stick-meta":"","astra-migrate-meta-layouts":"set","ast-page-background-enabled":"default","ast-page-background-meta":{"desktop":{"background-color":"","background-image":"","background-repeat":"repeat","background-position":"center center","background-size":"auto","background-attachment":"scroll","background-type":"","background-media":"","overlay-type":"","overlay-color":"","overlay-opacity":"","overlay-gradient":""},"tablet":{"background-color":"","background-image":"","background-repeat":"repeat","background-position":"center center","background-size":"auto","background-attachment":"scroll","background-type":"","background-media":"","overlay-type":"","overlay-color":"","overlay-opacity":"","overlay-gradient":""},"mobile":{"background-color":"","background-image":"","background-repeat":"repeat","background-position":"center center","background-size":"auto","background-attachment":"scroll","background-type":"","background-media":"","overlay-type":"","overlay-color":"","overlay-opacity":"","overlay-gradient":""}},"ast-content-background-meta":{"desktop":{"background-color":"var(--ast-global-color-5)","background-image":"","background-repeat":"repeat","background-position":"center center","background-size":"auto","background-attachment":"scroll","background-type":"","background-media":"","overlay-type":"","overlay-color":"","overlay-opacity":"","overlay-gradient":""},"tablet":{"background-color":"var(--ast-global-color-5)","background-image":"","background-repeat":"repeat","background-position":"center center","background-size":"auto","background-attachment":"scroll","background-type":"","background-media":"","overlay-type":"","overlay-color":"","overlay-opacity":"","overlay-gradient":""},"mobile":{"background-color":"var(--ast-global-color-5)","background-image":"","background-repeat":"repeat","background-position":"center center","background-size":"auto","background-attachment":"scroll","background-type":"","background-media":"","overlay-type":"","overlay-color":"","overlay-opacity":"","overlay-gradient":""}},"_joinchat":[]},"product_brand":[],"product_cat":[108,101,102,104,100],"product_tag":[],"class_list":{"0":"post-4943","1":"product","2":"type-product","3":"status-publish","4":"has-post-thumbnail","6":"product_cat-balones","7":"product_cat-deportes","8":"product_cat-ofertas","9":"product_cat-otros-deportes","10":"product_cat-voleibol","11":"desktop-align-left","12":"tablet-align-left","13":"mobile-align-left","15":"first","16":"outofstock","17":"shipping-taxable","18":"purchasable","19":"product-type-simple"},"uagb_featured_image_src":{"full":["https:\/\/jaguar10.com\/wp-content\/uploads\/2023\/09\/Balon-de-Voleibol-Molten-V5M4500.png",1000,1000,false],"thumbnail":["https:\/\/jaguar10.com\/wp-content\/uploads\/2023\/09\/Balon-de-Voleibol-Molten-V5M4500-150x150.png",150,150,true],"medium":["https:\/\/jaguar10.com\/wp-content\/uploads\/2023\/09\/Balon-de-Voleibol-Molten-V5M4500-300x300.png",300,300,true],"medium_large":["https:\/\/jaguar10.com\/wp-content\/uploads\/2023\/09\/Balon-de-Voleibol-Molten-V5M4500-768x768.png",768,768,true],"large":["https:\/\/jaguar10.com\/wp-content\/uploads\/2023\/09\/Balon-de-Voleibol-Molten-V5M4500.png",1000,1000,false],"1536x1536":["https:\/\/jaguar10.com\/wp-content\/uploads\/2023\/09\/Balon-de-Voleibol-Molten-V5M4500.png",1000,1000,false],"2048x2048":["https:\/\/jaguar10.com\/wp-content\/uploads\/2023\/09\/Balon-de-Voleibol-Molten-V5M4500.png",1000,1000,false],"woocommerce_thumbnail":["https:\/\/jaguar10.com\/wp-content\/uploads\/2023\/09\/Balon-de-Voleibol-Molten-V5M4500-300x300.png",300,300,true],"woocommerce_single":["https:\/\/jaguar10.com\/wp-content\/uploads\/2023\/09\/Balon-de-Voleibol-Molten-V5M4500-600x600.png",600,600,true],"woocommerce_gallery_thumbnail":["https:\/\/jaguar10.com\/wp-content\/uploads\/2023\/09\/Balon-de-Voleibol-Molten-V5M4500-100x100.png",100,100,true]},"uagb_author_info":{"display_name":"ilderja110599","author_link":"https:\/\/jaguar10.com\/index.php\/author\/"},"uagb_comment_info":0,"uagb_excerpt":"BAL\u00d3N DE V\u00d3LEIBOL MOLTEN V5M4500 TRICOLOR #5 Tama\u00f1o: #5","jetpack_sharing_enabled":true,"_links":{"self":[{"href":"https:\/\/jaguar10.com\/index.php\/wp-json\/wp\/v2\/product\/4943","targetHints":{"allow":["GET"]}}],"collection":[{"href":"https:\/\/jaguar10.com\/index.php\/wp-json\/wp\/v2\/product"}],"about":[{"href":"https:\/\/jaguar10.com\/index.php\/wp-json\/wp\/v2\/types\/product"}],"version-history":[{"count":2,"href":"https:\/\/jaguar10.com\/index.php\/wp-json\/wp\/v2\/product\/4943\/revisions"}],"predecessor-version":[{"id":4945,"href":"https:\/\/jaguar10.com\/index.php\/wp-json\/wp\/v2\/product\/4943\/revisions\/4945"}],"wp:featuredmedia":[{"embeddable":true,"href":"https:\/\/jaguar10.com\/index.php\/wp-json\/wp\/v2\/media\/4938"}],"wp:attachment":[{"href":"https:\/\/jaguar10.com\/index.php\/wp-json\/wp\/v2\/media?parent=4943"}],"wp:term":[{"taxonomy":"product_brand","embeddable":true,"href":"https:\/\/jaguar10.com\/index.php\/wp-json\/wp\/v2\/product_brand?post=4943"},{"taxonomy":"product_cat","embeddable":true,"href":"https:\/\/jaguar10.com\/index.php\/wp-json\/wp\/v2\/product_cat?post=4943"},{"taxonomy":"product_tag","embeddable":true,"href":"https:\/\/jaguar10.com\/index.php\/wp-json\/wp\/v2\/product_tag?post=4943"}],"curies":[{"name":"wp","href":"https:\/\/api.w.org\/{rel}","templated":true}]}}