{"id":4962,"date":"2023-09-02T22:50:02","date_gmt":"2023-09-03T04:50:02","guid":{"rendered":"https:\/\/jaguar10.net\/?post_type=product&#038;p=4962"},"modified":"2024-11-01T09:22:58","modified_gmt":"2024-11-01T15:22:58","slug":"balon-de-basquetbol-molten-b7g4000-no-7","status":"publish","type":"product","link":"https:\/\/jaguar10.com\/index.php\/producto\/balon-de-basquetbol-molten-b7g4000-no-7\/","title":{"rendered":"BAL\u00d3N DE B\u00c1SQUETBOL MOLTEN B7G4000 No.7"},"content":{"rendered":"<p>El Bal\u00f3n de B\u00e1squetbol B7G4000 de Molten es el bal\u00f3n oficial de los torneos profesionales y universitarios aprobados por FIBA. Cuenta con una superficie de piel compuesta premium de alta calidad que buscan la mayor semejanza a la textura de la piel natural, por lo tanto proporciona un mejor agarre incluso en condiciones h\u00famedas.<\/p>\n","protected":false},"excerpt":{"rendered":"<p>BAL\u00d3N DE B\u00c1SQUETBOL MOLTEN B7G4000 No.7<\/p>\n","protected":false},"featured_media":4931,"template":"","meta":{"_uag_custom_page_level_css":"","site-sidebar-layout":"default","site-content-layout":"","ast-site-content-layout":"default","site-content-style":"default","site-sidebar-style":"default","ast-global-header-display":"","ast-banner-title-visibility":"","ast-main-header-display":"","ast-hfb-above-header-display":"","ast-hfb-below-header-display":"","ast-hfb-mobile-header-display":"","site-post-title":"","ast-breadcrumbs-content":"","ast-featured-img":"","footer-sml-layout":"","theme-transparent-header-meta":"default","adv-header-id-meta":"","stick-header-meta":"","header-above-stick-meta":"","header-main-stick-meta":"","header-below-stick-meta":"","astra-migrate-meta-layouts":"set","ast-page-background-enabled":"default","ast-page-background-meta":{"desktop":{"background-color":"","background-image":"","background-repeat":"repeat","background-position":"center center","background-size":"auto","background-attachment":"scroll","background-type":"","background-media":"","overlay-type":"","overlay-color":"","overlay-opacity":"","overlay-gradient":""},"tablet":{"background-color":"","background-image":"","background-repeat":"repeat","background-position":"center center","background-size":"auto","background-attachment":"scroll","background-type":"","background-media":"","overlay-type":"","overlay-color":"","overlay-opacity":"","overlay-gradient":""},"mobile":{"background-color":"","background-image":"","background-repeat":"repeat","background-position":"center center","background-size":"auto","background-attachment":"scroll","background-type":"","background-media":"","overlay-type":"","overlay-color":"","overlay-opacity":"","overlay-gradient":""}},"ast-content-background-meta":{"desktop":{"background-color":"var(--ast-global-color-5)","background-image":"","background-repeat":"repeat","background-position":"center center","background-size":"auto","background-attachment":"scroll","background-type":"","background-media":"","overlay-type":"","overlay-color":"","overlay-opacity":"","overlay-gradient":""},"tablet":{"background-color":"var(--ast-global-color-5)","background-image":"","background-repeat":"repeat","background-position":"center center","background-size":"auto","background-attachment":"scroll","background-type":"","background-media":"","overlay-type":"","overlay-color":"","overlay-opacity":"","overlay-gradient":""},"mobile":{"background-color":"var(--ast-global-color-5)","background-image":"","background-repeat":"repeat","background-position":"center center","background-size":"auto","background-attachment":"scroll","background-type":"","background-media":"","overlay-type":"","overlay-color":"","overlay-opacity":"","overlay-gradient":""}},"_joinchat":[]},"product_brand":[],"product_cat":[108,147,99,101],"product_tag":[],"class_list":{"0":"post-4962","1":"product","2":"type-product","3":"status-publish","4":"has-post-thumbnail","6":"product_cat-balones","7":"product_cat-balon-basquet","8":"product_cat-basquetbol","9":"product_cat-deportes","10":"desktop-align-left","11":"tablet-align-left","12":"mobile-align-left","14":"first","15":"instock","16":"shipping-taxable","17":"purchasable","18":"product-type-simple"},"uagb_featured_image_src":{"full":["https:\/\/jaguar10.com\/wp-content\/uploads\/2023\/09\/Balon-de-Basquetbol-Molten-BG40005.png",1000,1000,false],"thumbnail":["https:\/\/jaguar10.com\/wp-content\/uploads\/2023\/09\/Balon-de-Basquetbol-Molten-BG40005-150x150.png",150,150,true],"medium":["https:\/\/jaguar10.com\/wp-content\/uploads\/2023\/09\/Balon-de-Basquetbol-Molten-BG40005-300x300.png",300,300,true],"medium_large":["https:\/\/jaguar10.com\/wp-content\/uploads\/2023\/09\/Balon-de-Basquetbol-Molten-BG40005-768x768.png",768,768,true],"large":["https:\/\/jaguar10.com\/wp-content\/uploads\/2023\/09\/Balon-de-Basquetbol-Molten-BG40005.png",1000,1000,false],"1536x1536":["https:\/\/jaguar10.com\/wp-content\/uploads\/2023\/09\/Balon-de-Basquetbol-Molten-BG40005.png",1000,1000,false],"2048x2048":["https:\/\/jaguar10.com\/wp-content\/uploads\/2023\/09\/Balon-de-Basquetbol-Molten-BG40005.png",1000,1000,false],"woocommerce_thumbnail":["https:\/\/jaguar10.com\/wp-content\/uploads\/2023\/09\/Balon-de-Basquetbol-Molten-BG40005-300x300.png",300,300,true],"woocommerce_single":["https:\/\/jaguar10.com\/wp-content\/uploads\/2023\/09\/Balon-de-Basquetbol-Molten-BG40005-600x600.png",600,600,true],"woocommerce_gallery_thumbnail":["https:\/\/jaguar10.com\/wp-content\/uploads\/2023\/09\/Balon-de-Basquetbol-Molten-BG40005-100x100.png",100,100,true]},"uagb_author_info":{"display_name":"ilderja110599","author_link":"https:\/\/jaguar10.com\/index.php\/author\/"},"uagb_comment_info":0,"uagb_excerpt":"BAL\u00d3N DE B\u00c1SQUETBOL MOLTEN B7G4000 No.7","jetpack_sharing_enabled":true,"_links":{"self":[{"href":"https:\/\/jaguar10.com\/index.php\/wp-json\/wp\/v2\/product\/4962","targetHints":{"allow":["GET"]}}],"collection":[{"href":"https:\/\/jaguar10.com\/index.php\/wp-json\/wp\/v2\/product"}],"about":[{"href":"https:\/\/jaguar10.com\/index.php\/wp-json\/wp\/v2\/types\/product"}],"version-history":[{"count":1,"href":"https:\/\/jaguar10.com\/index.php\/wp-json\/wp\/v2\/product\/4962\/revisions"}],"predecessor-version":[{"id":4963,"href":"https:\/\/jaguar10.com\/index.php\/wp-json\/wp\/v2\/product\/4962\/revisions\/4963"}],"wp:featuredmedia":[{"embeddable":true,"href":"https:\/\/jaguar10.com\/index.php\/wp-json\/wp\/v2\/media\/4931"}],"wp:attachment":[{"href":"https:\/\/jaguar10.com\/index.php\/wp-json\/wp\/v2\/media?parent=4962"}],"wp:term":[{"taxonomy":"product_brand","embeddable":true,"href":"https:\/\/jaguar10.com\/index.php\/wp-json\/wp\/v2\/product_brand?post=4962"},{"taxonomy":"product_cat","embeddable":true,"href":"https:\/\/jaguar10.com\/index.php\/wp-json\/wp\/v2\/product_cat?post=4962"},{"taxonomy":"product_tag","embeddable":true,"href":"https:\/\/jaguar10.com\/index.php\/wp-json\/wp\/v2\/product_tag?post=4962"}],"curies":[{"name":"wp","href":"https:\/\/api.w.org\/{rel}","templated":true}]}}