{"id":4964,"date":"2023-09-02T23:02:15","date_gmt":"2023-09-03T05:02:15","guid":{"rendered":"https:\/\/jaguar10.net\/?post_type=product&#038;p=4964"},"modified":"2025-12-15T00:28:59","modified_gmt":"2025-12-15T06:28:59","slug":"balon-basquetbol-spalding-commander-n-7","status":"publish","type":"product","link":"https:\/\/jaguar10.com\/index.php\/producto\/balon-basquetbol-spalding-commander-n-7\/","title":{"rendered":"Balon Basquetbol Spalding Commander N.7"},"content":{"rendered":"<p>Dise\u00f1ado para mantenerse al m\u00e1ximo rendimiento temporada tras temporada, el bal\u00f3n Spalding Commander proporciona el mejor agarre de su clase para los jugadores de \u00e9lite que juegan con \u00e9l. La cubierta acolchada de microfibra de agarre seco le da una sensaci\u00f3n suave y lista para jugar desde el primer momento. El color hace que el bal\u00f3n se destaque, pero es el control excepcional lo que la convertir\u00e1 en tu pelota favorita. El Spalding Commander es el bal\u00f3n de juego perfecto para ligas de todas las edades. Desde el aviso hasta el timbre, el juego est\u00e1 en tus manos con el Commander.<\/p>\n<p>CONSTRUIDO DIFERENTE: la cubierta acolchada compuesta de microfibra de agarre seco crea un agarre y control excepcionales.<\/p>\n<p>RENDIMIENTO DE \u00c9LITE: la c\u00e1mara de butilo rotacionalmente balanceada proporciona la m\u00e1xima retenci\u00f3n de aire y los devanados de nailon brindan una excelente integridad estructural.<\/p>\n<p>RECOMENDADO SOLO PARA JUEGOS EN INTERIORES.<\/p>\n","protected":false},"excerpt":{"rendered":"<p>Balon Basquetbol Spalding Commander N.7<\/p>\n<p>Piel Sintetica<\/p>\n","protected":false},"featured_media":4971,"template":"","meta":{"_uag_custom_page_level_css":"","site-sidebar-layout":"default","site-content-layout":"","ast-site-content-layout":"default","site-content-style":"default","site-sidebar-style":"default","ast-global-header-display":"","ast-banner-title-visibility":"","ast-main-header-display":"","ast-hfb-above-header-display":"","ast-hfb-below-header-display":"","ast-hfb-mobile-header-display":"","site-post-title":"","ast-breadcrumbs-content":"","ast-featured-img":"","footer-sml-layout":"","theme-transparent-header-meta":"default","adv-header-id-meta":"","stick-header-meta":"","header-above-stick-meta":"","header-main-stick-meta":"","header-below-stick-meta":"","astra-migrate-meta-layouts":"set","ast-page-background-enabled":"default","ast-page-background-meta":{"desktop":{"background-color":"","background-image":"","background-repeat":"repeat","background-position":"center center","background-size":"auto","background-attachment":"scroll","background-type":"","background-media":"","overlay-type":"","overlay-color":"","overlay-opacity":"","overlay-gradient":""},"tablet":{"background-color":"","background-image":"","background-repeat":"repeat","background-position":"center center","background-size":"auto","background-attachment":"scroll","background-type":"","background-media":"","overlay-type":"","overlay-color":"","overlay-opacity":"","overlay-gradient":""},"mobile":{"background-color":"","background-image":"","background-repeat":"repeat","background-position":"center center","background-size":"auto","background-attachment":"scroll","background-type":"","background-media":"","overlay-type":"","overlay-color":"","overlay-opacity":"","overlay-gradient":""}},"ast-content-background-meta":{"desktop":{"background-color":"var(--ast-global-color-5)","background-image":"","background-repeat":"repeat","background-position":"center center","background-size":"auto","background-attachment":"scroll","background-type":"","background-media":"","overlay-type":"","overlay-color":"","overlay-opacity":"","overlay-gradient":""},"tablet":{"background-color":"var(--ast-global-color-5)","background-image":"","background-repeat":"repeat","background-position":"center center","background-size":"auto","background-attachment":"scroll","background-type":"","background-media":"","overlay-type":"","overlay-color":"","overlay-opacity":"","overlay-gradient":""},"mobile":{"background-color":"var(--ast-global-color-5)","background-image":"","background-repeat":"repeat","background-position":"center center","background-size":"auto","background-attachment":"scroll","background-type":"","background-media":"","overlay-type":"","overlay-color":"","overlay-opacity":"","overlay-gradient":""}},"_joinchat":[]},"product_brand":[],"product_cat":[108,147,99,101],"product_tag":[],"class_list":{"0":"post-4964","1":"product","2":"type-product","3":"status-publish","4":"has-post-thumbnail","6":"product_cat-balones","7":"product_cat-balon-basquet","8":"product_cat-basquetbol","9":"product_cat-deportes","10":"desktop-align-left","11":"tablet-align-left","12":"mobile-align-left","14":"first","15":"instock","16":"shipping-taxable","17":"purchasable","18":"product-type-simple"},"uagb_featured_image_src":{"full":["https:\/\/jaguar10.com\/wp-content\/uploads\/2023\/09\/Komander.jpg",1300,1200,false],"thumbnail":["https:\/\/jaguar10.com\/wp-content\/uploads\/2023\/09\/Komander-150x150.jpg",150,150,true],"medium":["https:\/\/jaguar10.com\/wp-content\/uploads\/2023\/09\/Komander-300x277.jpg",300,277,true],"medium_large":["https:\/\/jaguar10.com\/wp-content\/uploads\/2023\/09\/Komander-768x709.jpg",768,709,true],"large":["https:\/\/jaguar10.com\/wp-content\/uploads\/2023\/09\/Komander-1024x945.jpg",1024,945,true],"1536x1536":["https:\/\/jaguar10.com\/wp-content\/uploads\/2023\/09\/Komander.jpg",1300,1200,false],"2048x2048":["https:\/\/jaguar10.com\/wp-content\/uploads\/2023\/09\/Komander.jpg",1300,1200,false],"woocommerce_thumbnail":["https:\/\/jaguar10.com\/wp-content\/uploads\/2023\/09\/Komander-300x300.jpg",300,300,true],"woocommerce_single":["https:\/\/jaguar10.com\/wp-content\/uploads\/2023\/09\/Komander-600x554.jpg",600,554,true],"woocommerce_gallery_thumbnail":["https:\/\/jaguar10.com\/wp-content\/uploads\/2023\/09\/Komander-100x100.jpg",100,100,true]},"uagb_author_info":{"display_name":"ilderja110599","author_link":"https:\/\/jaguar10.com\/index.php\/author\/"},"uagb_comment_info":0,"uagb_excerpt":"Balon Basquetbol Spalding Commander N.7 Piel Sintetica","jetpack_sharing_enabled":true,"_links":{"self":[{"href":"https:\/\/jaguar10.com\/index.php\/wp-json\/wp\/v2\/product\/4964","targetHints":{"allow":["GET"]}}],"collection":[{"href":"https:\/\/jaguar10.com\/index.php\/wp-json\/wp\/v2\/product"}],"about":[{"href":"https:\/\/jaguar10.com\/index.php\/wp-json\/wp\/v2\/types\/product"}],"version-history":[{"count":2,"href":"https:\/\/jaguar10.com\/index.php\/wp-json\/wp\/v2\/product\/4964\/revisions"}],"predecessor-version":[{"id":4973,"href":"https:\/\/jaguar10.com\/index.php\/wp-json\/wp\/v2\/product\/4964\/revisions\/4973"}],"wp:featuredmedia":[{"embeddable":true,"href":"https:\/\/jaguar10.com\/index.php\/wp-json\/wp\/v2\/media\/4971"}],"wp:attachment":[{"href":"https:\/\/jaguar10.com\/index.php\/wp-json\/wp\/v2\/media?parent=4964"}],"wp:term":[{"taxonomy":"product_brand","embeddable":true,"href":"https:\/\/jaguar10.com\/index.php\/wp-json\/wp\/v2\/product_brand?post=4964"},{"taxonomy":"product_cat","embeddable":true,"href":"https:\/\/jaguar10.com\/index.php\/wp-json\/wp\/v2\/product_cat?post=4964"},{"taxonomy":"product_tag","embeddable":true,"href":"https:\/\/jaguar10.com\/index.php\/wp-json\/wp\/v2\/product_tag?post=4964"}],"curies":[{"name":"wp","href":"https:\/\/api.w.org\/{rel}","templated":true}]}}