{"id":5081,"date":"2024-04-08T01:51:20","date_gmt":"2024-04-08T07:51:20","guid":{"rendered":"https:\/\/jaguar10.net\/?post_type=product&#038;p=5081"},"modified":"2026-02-13T01:18:29","modified_gmt":"2026-02-13T07:18:29","slug":"uniforme-arbitro-wilson-2024-liga-mx","status":"publish","type":"product","link":"https:\/\/jaguar10.com\/index.php\/producto\/uniforme-arbitro-wilson-2024-liga-mx\/","title":{"rendered":"Uniforme Arbitro Wilson 2026 Liga MX"},"content":{"rendered":"<p>Conjunto de Arbitros de la Temporada 2025 liga MX de la marca Wilson.<\/p>\n<p>Este conjuntos incluye: Playera, Short y Medias<\/p>\n<p>MEDIDAS DE LAS PRENDAS POR TALLAS<\/p>\n<p>Tallas &#8212;- ALTURA&#8212; ANCHO<\/p>\n<p>CH\/S &#8212;&gt; 69 CM 52 CM<\/p>\n<p>MD &#8211;&gt; 71 CM 54 CM<\/p>\n<p>L &#8211;&gt; 72 CM 58 CM<\/p>\n<p>XL &#8211;&gt; 74 CM 62 CM<\/p>\n<p>** las medidas de ancho es de axila a axila<br \/>\n** Las medidas de Altura toda la playera o de punta (parte alta del cuello) a punta.<\/p>\n<p>&nbsp;<\/p>\n","protected":false},"excerpt":{"rendered":"<p>Si no tienes confianza con nuestra pagina puedes hacer su compra en Mercado Libre. Un poco mas caro por comisiones y envi\u00f3. Pero aun asi los mejores precios en uniformes de arbitro calidad importada.<\/p>\n<p>Clic para ir a MELI: <a href=\"https:\/\/articulo.mercadolibre.com.mx\/MLM-2235859429-conjunto-uniforme-de-arbitro-wilson-liga-mxleer-descrip-_JM\">https:\/\/articulo.mercadolibre.com.mx\/MLM-2235859429-conjunto-uniforme-de-arbitro-wilson-liga-mxleer-descrip-_JM<\/a><\/p>\n<p>El producto no es Original.<\/p>\n<p>No aplica Envi\u00f3 gratis si su C\u00f3digo postal pertenece a zona Extendida, sin embargo puede llegar gratis a una oficina de paqueter\u00eda (DHL, ESTAFETA Y FEDEX) cerca a su domicilio.<\/p>\n<p>Es Calidad NACIONAL.<\/p>\n","protected":false},"featured_media":5707,"template":"","meta":{"_uag_custom_page_level_css":"","site-sidebar-layout":"default","site-content-layout":"","ast-site-content-layout":"default","site-content-style":"default","site-sidebar-style":"default","ast-global-header-display":"","ast-banner-title-visibility":"","ast-main-header-display":"","ast-hfb-above-header-display":"","ast-hfb-below-header-display":"","ast-hfb-mobile-header-display":"","site-post-title":"","ast-breadcrumbs-content":"","ast-featured-img":"","footer-sml-layout":"","theme-transparent-header-meta":"default","adv-header-id-meta":"","stick-header-meta":"","header-above-stick-meta":"","header-main-stick-meta":"","header-below-stick-meta":"","astra-migrate-meta-layouts":"set","ast-page-background-enabled":"default","ast-page-background-meta":{"desktop":{"background-color":"","background-image":"","background-repeat":"repeat","background-position":"center center","background-size":"auto","background-attachment":"scroll","background-type":"","background-media":"","overlay-type":"","overlay-color":"","overlay-opacity":"","overlay-gradient":""},"tablet":{"background-color":"","background-image":"","background-repeat":"repeat","background-position":"center center","background-size":"auto","background-attachment":"scroll","background-type":"","background-media":"","overlay-type":"","overlay-color":"","overlay-opacity":"","overlay-gradient":""},"mobile":{"background-color":"","background-image":"","background-repeat":"repeat","background-position":"center center","background-size":"auto","background-attachment":"scroll","background-type":"","background-media":"","overlay-type":"","overlay-color":"","overlay-opacity":"","overlay-gradient":""}},"ast-content-background-meta":{"desktop":{"background-color":"var(--ast-global-color-5)","background-image":"","background-repeat":"repeat","background-position":"center center","background-size":"auto","background-attachment":"scroll","background-type":"","background-media":"","overlay-type":"","overlay-color":"","overlay-opacity":"","overlay-gradient":""},"tablet":{"background-color":"var(--ast-global-color-5)","background-image":"","background-repeat":"repeat","background-position":"center center","background-size":"auto","background-attachment":"scroll","background-type":"","background-media":"","overlay-type":"","overlay-color":"","overlay-opacity":"","overlay-gradient":""},"mobile":{"background-color":"var(--ast-global-color-5)","background-image":"","background-repeat":"repeat","background-position":"center center","background-size":"auto","background-attachment":"scroll","background-type":"","background-media":"","overlay-type":"","overlay-color":"","overlay-opacity":"","overlay-gradient":""}},"_joinchat":[]},"product_brand":[],"product_cat":[183,101,98,80,165,158],"product_tag":[],"class_list":{"0":"post-5081","1":"product","2":"type-product","3":"status-publish","4":"has-post-thumbnail","6":"product_cat-arbitros","7":"product_cat-deportes","8":"product_cat-futbol","9":"product_cat-hombres","10":"product_cat-otrasmarcas","11":"product_cat-uniformes","12":"pa_colores-amarillo","13":"pa_colores-celeste","14":"pa_colores-negro","15":"pa_colores-rosa","16":"pa_colores-verde","17":"pa_tallas-chica","18":"pa_tallas-extragrande-xl","19":"pa_tallas-grande-l","20":"pa_tallas-mediana-m","21":"desktop-align-left","22":"tablet-align-left","23":"mobile-align-left","25":"first","26":"instock","27":"shipping-taxable","28":"purchasable","29":"product-type-variable"},"uagb_featured_image_src":{"full":["https:\/\/jaguar10.com\/wp-content\/uploads\/2024\/04\/IMG_20251012_154813053_HDR-scaled.jpg",1920,2560,false],"thumbnail":["https:\/\/jaguar10.com\/wp-content\/uploads\/2024\/04\/IMG_20251012_154813053_HDR-150x150.jpg",150,150,true],"medium":["https:\/\/jaguar10.com\/wp-content\/uploads\/2024\/04\/IMG_20251012_154813053_HDR-225x300.jpg",225,300,true],"medium_large":["https:\/\/jaguar10.com\/wp-content\/uploads\/2024\/04\/IMG_20251012_154813053_HDR-768x1024.jpg",768,1024,true],"large":["https:\/\/jaguar10.com\/wp-content\/uploads\/2024\/04\/IMG_20251012_154813053_HDR-768x1024.jpg",768,1024,true],"1536x1536":["https:\/\/jaguar10.com\/wp-content\/uploads\/2024\/04\/IMG_20251012_154813053_HDR-1152x1536.jpg",1152,1536,true],"2048x2048":["https:\/\/jaguar10.com\/wp-content\/uploads\/2024\/04\/IMG_20251012_154813053_HDR-1536x2048.jpg",1536,2048,true],"woocommerce_thumbnail":["https:\/\/jaguar10.com\/wp-content\/uploads\/2024\/04\/IMG_20251012_154813053_HDR-300x300.jpg",300,300,true],"woocommerce_single":["https:\/\/jaguar10.com\/wp-content\/uploads\/2024\/04\/IMG_20251012_154813053_HDR-600x800.jpg",600,800,true],"woocommerce_gallery_thumbnail":["https:\/\/jaguar10.com\/wp-content\/uploads\/2024\/04\/IMG_20251012_154813053_HDR-100x100.jpg",100,100,true]},"uagb_author_info":{"display_name":"ilderja110599","author_link":"https:\/\/jaguar10.com\/index.php\/author\/"},"uagb_comment_info":0,"uagb_excerpt":"Si no tienes confianza con nuestra pagina puedes hacer su compra en Mercado Libre. Un poco mas caro por comisiones y envi\u00f3. Pero aun asi los mejores precios en uniformes de arbitro calidad importada. Clic para ir a MELI: https:\/\/articulo.mercadolibre.com.mx\/MLM-2235859429-conjunto-uniforme-de-arbitro-wilson-liga-mxleer-descrip-_JM El producto no es Original. No aplica Envi\u00f3 gratis si su C\u00f3digo postal pertenece a&hellip;","jetpack_sharing_enabled":true,"_links":{"self":[{"href":"https:\/\/jaguar10.com\/index.php\/wp-json\/wp\/v2\/product\/5081","targetHints":{"allow":["GET"]}}],"collection":[{"href":"https:\/\/jaguar10.com\/index.php\/wp-json\/wp\/v2\/product"}],"about":[{"href":"https:\/\/jaguar10.com\/index.php\/wp-json\/wp\/v2\/types\/product"}],"version-history":[{"count":15,"href":"https:\/\/jaguar10.com\/index.php\/wp-json\/wp\/v2\/product\/5081\/revisions"}],"predecessor-version":[{"id":5563,"href":"https:\/\/jaguar10.com\/index.php\/wp-json\/wp\/v2\/product\/5081\/revisions\/5563"}],"wp:featuredmedia":[{"embeddable":true,"href":"https:\/\/jaguar10.com\/index.php\/wp-json\/wp\/v2\/media\/5707"}],"wp:attachment":[{"href":"https:\/\/jaguar10.com\/index.php\/wp-json\/wp\/v2\/media?parent=5081"}],"wp:term":[{"taxonomy":"product_brand","embeddable":true,"href":"https:\/\/jaguar10.com\/index.php\/wp-json\/wp\/v2\/product_brand?post=5081"},{"taxonomy":"product_cat","embeddable":true,"href":"https:\/\/jaguar10.com\/index.php\/wp-json\/wp\/v2\/product_cat?post=5081"},{"taxonomy":"product_tag","embeddable":true,"href":"https:\/\/jaguar10.com\/index.php\/wp-json\/wp\/v2\/product_tag?post=5081"}],"curies":[{"name":"wp","href":"https:\/\/api.w.org\/{rel}","templated":true}]}}