{"id":5489,"date":"2024-12-31T19:31:56","date_gmt":"2025-01-01T01:31:56","guid":{"rendered":"https:\/\/jaguar10.net\/?post_type=product&#038;p=5489"},"modified":"2024-12-31T19:31:56","modified_gmt":"2025-01-01T01:31:56","slug":"guias-de-tallas-de-ninos","status":"publish","type":"product","link":"https:\/\/jaguar10.com\/index.php\/producto\/guias-de-tallas-de-ninos\/","title":{"rendered":"GUIAS DE TALLAS DE NI\u00d1OS"},"content":{"rendered":"<p>LAS TALLAS CON LAS EDADES PUEDEN VARIAR DEPENDIENDO LA COMPLEXI\u00d3N DEL NI\u00d1O<\/p>\n<ul>\n<li><strong>Talla 24<\/strong>: Ni\u00f1os de 3 a 4 a\u00f1os.<\/li>\n<li><strong>Talla 26<\/strong>: Ni\u00f1os de 5 a 6 a\u00f1os.<\/li>\n<li><strong>Talla 28<\/strong>: Ni\u00f1os de 7 a 8 a\u00f1os.<\/li>\n<li><strong>Talla 30<\/strong>: Ni\u00f1os de 9 a 10 a\u00f1os.<\/li>\n<\/ul>\n<p>MEDIDAS<\/p>\n<ul>\n<li><strong>Talla\u00a0\u00a0\u00a0\u00a0\u00a0\u00a0\u00a0\u00a0\u00a0\u00a0\u00a0 Ancho\u00a0\u00a0\u00a0\u00a0\u00a0\u00a0\u00a0\u00a0\u00a0\u00a0\u00a0 Largo<br \/>\n<\/strong><\/li>\n<li><strong>Talla 24<\/strong>:\u00a0\u00a0\u00a0 30 &#8211; 32 cm\u00a0\u00a0\u00a0\u00a0\u00a0\u00a0\u00a0\u00a0 40 -44 cm<\/li>\n<li><strong>Talla 26<\/strong>:\u00a0\u00a0\u00a0 33 &#8211; 35 cm\u00a0\u00a0\u00a0\u00a0\u00a0\u00a0\u00a0\u00a0 45 &#8211; 49 cm<\/li>\n<li><strong>Talla 28<\/strong>:\u00a0 \u00a0 36 &#8211; 38 cm\u00a0\u00a0\u00a0\u00a0\u00a0\u00a0\u00a0 50 &#8211; 54 cm<\/li>\n<li><strong>Talla 30<\/strong>:\u00a0\u00a0 39 &#8211; 41 cm\u00a0\u00a0\u00a0\u00a0\u00a0\u00a0\u00a0\u00a0\u00a0 55 &#8211; 59 cm<\/li>\n<\/ul>\n<ul>\n<li><strong>Ancho:<\/strong> Se mide de axila a axila, en la parte frontal de la playera.<\/li>\n<li><strong>Largo:<\/strong> Se mide desde el punto m\u00e1s alto del hombro hasta el borde inferior de la playera.<\/li>\n<\/ul>\n","protected":false},"excerpt":{"rendered":"<p>LAS TALLAS CON LAS EDADES PUEDEN VARIAR DEPENDIENDO LA COMPLEXI\u00d3N DEL NI\u00d1O<\/p>\n<ul>\n<li><strong>Talla 24<\/strong>: Ni\u00f1os de 3 a 4 a\u00f1os.<\/li>\n<li><strong>Talla 26<\/strong>: Ni\u00f1os de 5 a 6 a\u00f1os.<\/li>\n<li><strong>Talla 28<\/strong>: Ni\u00f1os de 7 a 8 a\u00f1os.<\/li>\n<li><strong>Talla 30<\/strong>: Ni\u00f1os de 9 a 10 a\u00f1os.<\/li>\n<\/ul>\n","protected":false},"featured_media":5490,"template":"","meta":{"_uag_custom_page_level_css":"","site-sidebar-layout":"default","site-content-layout":"","ast-site-content-layout":"default","site-content-style":"default","site-sidebar-style":"default","ast-global-header-display":"","ast-banner-title-visibility":"","ast-main-header-display":"","ast-hfb-above-header-display":"","ast-hfb-below-header-display":"","ast-hfb-mobile-header-display":"","site-post-title":"","ast-breadcrumbs-content":"","ast-featured-img":"","footer-sml-layout":"","theme-transparent-header-meta":"default","adv-header-id-meta":"","stick-header-meta":"","header-above-stick-meta":"","header-main-stick-meta":"","header-below-stick-meta":"","astra-migrate-meta-layouts":"set","ast-page-background-enabled":"default","ast-page-background-meta":{"desktop":{"background-color":"","background-image":"","background-repeat":"repeat","background-position":"center center","background-size":"auto","background-attachment":"scroll","background-type":"","background-media":"","overlay-type":"","overlay-color":"","overlay-opacity":"","overlay-gradient":""},"tablet":{"background-color":"","background-image":"","background-repeat":"repeat","background-position":"center center","background-size":"auto","background-attachment":"scroll","background-type":"","background-media":"","overlay-type":"","overlay-color":"","overlay-opacity":"","overlay-gradient":""},"mobile":{"background-color":"","background-image":"","background-repeat":"repeat","background-position":"center center","background-size":"auto","background-attachment":"scroll","background-type":"","background-media":"","overlay-type":"","overlay-color":"","overlay-opacity":"","overlay-gradient":""}},"ast-content-background-meta":{"desktop":{"background-color":"var(--ast-global-color-5)","background-image":"","background-repeat":"repeat","background-position":"center center","background-size":"auto","background-attachment":"scroll","background-type":"","background-media":"","overlay-type":"","overlay-color":"","overlay-opacity":"","overlay-gradient":""},"tablet":{"background-color":"var(--ast-global-color-5)","background-image":"","background-repeat":"repeat","background-position":"center center","background-size":"auto","background-attachment":"scroll","background-type":"","background-media":"","overlay-type":"","overlay-color":"","overlay-opacity":"","overlay-gradient":""},"mobile":{"background-color":"var(--ast-global-color-5)","background-image":"","background-repeat":"repeat","background-position":"center center","background-size":"auto","background-attachment":"scroll","background-type":"","background-media":"","overlay-type":"","overlay-color":"","overlay-opacity":"","overlay-gradient":""}},"_joinchat":[]},"product_brand":[],"product_cat":[15],"product_tag":[],"class_list":{"0":"post-5489","1":"product","2":"type-product","3":"status-publish","4":"has-post-thumbnail","6":"product_cat-sin-categorizar","7":"desktop-align-left","8":"tablet-align-left","9":"mobile-align-left","11":"first","12":"instock","13":"virtual","14":"purchasable","15":"product-type-simple"},"uagb_featured_image_src":{"full":["https:\/\/jaguar10.com\/wp-content\/uploads\/2024\/12\/Captura-de-pantalla-2024-12-31-193029.png",744,476,false],"thumbnail":["https:\/\/jaguar10.com\/wp-content\/uploads\/2024\/12\/Captura-de-pantalla-2024-12-31-193029-150x150.png",150,150,true],"medium":["https:\/\/jaguar10.com\/wp-content\/uploads\/2024\/12\/Captura-de-pantalla-2024-12-31-193029-300x192.png",300,192,true],"medium_large":["https:\/\/jaguar10.com\/wp-content\/uploads\/2024\/12\/Captura-de-pantalla-2024-12-31-193029.png",744,476,false],"large":["https:\/\/jaguar10.com\/wp-content\/uploads\/2024\/12\/Captura-de-pantalla-2024-12-31-193029.png",744,476,false],"1536x1536":["https:\/\/jaguar10.com\/wp-content\/uploads\/2024\/12\/Captura-de-pantalla-2024-12-31-193029.png",744,476,false],"2048x2048":["https:\/\/jaguar10.com\/wp-content\/uploads\/2024\/12\/Captura-de-pantalla-2024-12-31-193029.png",744,476,false],"woocommerce_thumbnail":["https:\/\/jaguar10.com\/wp-content\/uploads\/2024\/12\/Captura-de-pantalla-2024-12-31-193029-300x300.png",300,300,true],"woocommerce_single":["https:\/\/jaguar10.com\/wp-content\/uploads\/2024\/12\/Captura-de-pantalla-2024-12-31-193029-600x384.png",600,384,true],"woocommerce_gallery_thumbnail":["https:\/\/jaguar10.com\/wp-content\/uploads\/2024\/12\/Captura-de-pantalla-2024-12-31-193029-100x100.png",100,100,true]},"uagb_author_info":{"display_name":"ilderja110599","author_link":"https:\/\/jaguar10.com\/index.php\/author\/"},"uagb_comment_info":0,"uagb_excerpt":"LAS TALLAS CON LAS EDADES PUEDEN VARIAR DEPENDIENDO LA COMPLEXI\u00d3N DEL NI\u00d1O Talla 24: Ni\u00f1os de 3 a 4 a\u00f1os. Talla 26: Ni\u00f1os de 5 a 6 a\u00f1os. Talla 28: Ni\u00f1os de 7 a 8 a\u00f1os. Talla 30: Ni\u00f1os de 9 a 10 a\u00f1os.","jetpack_sharing_enabled":true,"_links":{"self":[{"href":"https:\/\/jaguar10.com\/index.php\/wp-json\/wp\/v2\/product\/5489","targetHints":{"allow":["GET"]}}],"collection":[{"href":"https:\/\/jaguar10.com\/index.php\/wp-json\/wp\/v2\/product"}],"about":[{"href":"https:\/\/jaguar10.com\/index.php\/wp-json\/wp\/v2\/types\/product"}],"version-history":[{"count":1,"href":"https:\/\/jaguar10.com\/index.php\/wp-json\/wp\/v2\/product\/5489\/revisions"}],"predecessor-version":[{"id":5491,"href":"https:\/\/jaguar10.com\/index.php\/wp-json\/wp\/v2\/product\/5489\/revisions\/5491"}],"wp:featuredmedia":[{"embeddable":true,"href":"https:\/\/jaguar10.com\/index.php\/wp-json\/wp\/v2\/media\/5490"}],"wp:attachment":[{"href":"https:\/\/jaguar10.com\/index.php\/wp-json\/wp\/v2\/media?parent=5489"}],"wp:term":[{"taxonomy":"product_brand","embeddable":true,"href":"https:\/\/jaguar10.com\/index.php\/wp-json\/wp\/v2\/product_brand?post=5489"},{"taxonomy":"product_cat","embeddable":true,"href":"https:\/\/jaguar10.com\/index.php\/wp-json\/wp\/v2\/product_cat?post=5489"},{"taxonomy":"product_tag","embeddable":true,"href":"https:\/\/jaguar10.com\/index.php\/wp-json\/wp\/v2\/product_tag?post=5489"}],"curies":[{"name":"wp","href":"https:\/\/api.w.org\/{rel}","templated":true}]}}